{"id":71,"date":"2024-10-19T17:14:36","date_gmt":"2024-10-19T20:14:36","guid":{"rendered":"http:\/\/localhost\/confidencial\/?page_id=71"},"modified":"2026-04-07T07:54:18","modified_gmt":"2026-04-07T10:54:18","slug":"realizar-denuncia","status":"publish","type":"page","link":"https:\/\/astralpaes.com.br\/confidencial\/realizar-denuncia\/","title":{"rendered":"Realizar Den\u00fancia"},"content":{"rendered":"\t\t<div data-elementor-type=\"wp-page\" data-elementor-id=\"71\" class=\"elementor elementor-71\" data-elementor-post-type=\"page\">\n\t\t\t\t<div class=\"elementor-element elementor-element-441ab48 e-flex e-con-boxed e-con e-parent\" data-id=\"441ab48\" data-element_type=\"container\" data-e-type=\"container\">\n\t\t\t\t\t<div class=\"e-con-inner\">\n\t\t\t\t<div class=\"elementor-element elementor-element-86ba4d3 elementor-widget elementor-widget-text-editor\" data-id=\"86ba4d3\" data-element_type=\"widget\" data-e-type=\"widget\" data-widget_type=\"text-editor.default\">\n\t\t\t\t<div class=\"elementor-widget-container\">\n\t\t\t\t\t\t\t\t\t<div><p><strong>Importante: Recomenda-se a leitura do Manual de Conduta \u00c9tica, dispon\u00edvel neste site, antes de registrar qualquer relato.<\/strong><\/p><\/div><div><p>As informa\u00e7\u00f5es registradas no Canal de \u00c9tica ser\u00e3o recebidas exclusivamente pelos membros do Comit\u00ea de \u00c9tica da Astral. Este comit\u00ea assegura o sigilo absoluto, a imparcialidade no tratamento de cada situa\u00e7\u00e3o e a aus\u00eancia de conflitos de interesse durante o processo de an\u00e1lise.<\/p><p>A veracidade das informa\u00e7\u00f5es fornecidas \u00e9 de inteira responsabilidade do relator. Todas as informa\u00e7\u00f5es ser\u00e3o verificadas durante o processo de investiga\u00e7\u00e3o, e as a\u00e7\u00f5es decorrentes ser\u00e3o tomadas a crit\u00e9rio exclusivo da Astral.<\/p><p>Ao prosseguir, o relator autoriza a Astral a utilizar os dados fornecidos exclusivamente para a apura\u00e7\u00e3o dos fatos, em conformidade com a Lei Geral de Prote\u00e7\u00e3o de Dados Pessoais (LGPD). A empresa compromete-se a garantir a privacidade e a seguran\u00e7a dessas informa\u00e7\u00f5es, utilizando-as apenas para os fins relacionados \u00e0 den\u00fancia e protegendo-as contra acessos n\u00e3o autorizados.<\/p><p>Os relatos ser\u00e3o armazenados por tempo indeterminado, conforme as exig\u00eancias legais aplic\u00e1veis, para viabilizar a apura\u00e7\u00e3o e delibera\u00e7\u00e3o sobre cada caso.<\/p><\/div>\t\t\t\t\t\t\t\t<\/div>\n\t\t\t\t<\/div>\n\t\t\t\t<div class=\"elementor-element elementor-element-9595e87 elementor-widget elementor-widget-image\" data-id=\"9595e87\" data-element_type=\"widget\" data-e-type=\"widget\" data-widget_type=\"image.default\">\n\t\t\t\t<div class=\"elementor-widget-container\">\n\t\t\t\t\t\t\t\t\t\t\t\t\t\t\t<img decoding=\"async\" width=\"768\" height=\"40\" src=\"https:\/\/astralpaes.com.br\/confidencial\/wp-content\/uploads\/2024\/11\/separador-e1731243160517-768x40.png\" class=\"attachment-medium_large size-medium_large wp-image-253\" alt=\"\" srcset=\"https:\/\/astralpaes.com.br\/confidencial\/wp-content\/uploads\/2024\/11\/separador-e1731243160517-768x40.png 768w, https:\/\/astralpaes.com.br\/confidencial\/wp-content\/uploads\/2024\/11\/separador-e1731243160517-300x16.png 300w, https:\/\/astralpaes.com.br\/confidencial\/wp-content\/uploads\/2024\/11\/separador-e1731243160517-1024x53.png 1024w, https:\/\/astralpaes.com.br\/confidencial\/wp-content\/uploads\/2024\/11\/separador-e1731243160517-1536x79.png 1536w, https:\/\/astralpaes.com.br\/confidencial\/wp-content\/uploads\/2024\/11\/separador-e1731243160517-2048x106.png 2048w\" sizes=\"(max-width: 768px) 100vw, 768px\" \/>\t\t\t\t\t\t\t\t\t\t\t\t\t\t\t<\/div>\n\t\t\t\t<\/div>\n\t\t\t\t<div class=\"elementor-element elementor-element-fb04b65 elementor-widget elementor-widget-text-editor\" data-id=\"fb04b65\" data-element_type=\"widget\" data-e-type=\"widget\" data-widget_type=\"text-editor.default\">\n\t\t\t\t<div class=\"elementor-widget-container\">\n\t\t\t\t\t\t\t\t\t<div><p><strong>Instru\u00e7\u00f5es para o Registro de Sua Den\u00fancia<\/strong><\/p><\/div><div><p>Nos campos a seguir, descreva de forma completa e detalhada a situa\u00e7\u00e3o que o levou a procurar este canal. Sua den\u00fancia ser\u00e1 analisada com a devida seriedade, e informa\u00e7\u00f5es claras e precisas contribuir\u00e3o para que o processo de apura\u00e7\u00e3o seja mais eficiente e assertivo.<\/p><p>Certifique-se de incluir os seguintes detalhes:<\/p><ul><li>O que: Descreva a situa\u00e7\u00e3o de maneira detalhada, incluindo informa\u00e7\u00f5es relevantes que possam ajudar na apura\u00e7\u00e3o.<\/li><li>Onde: Indique o local onde a situa\u00e7\u00e3o ocorreu ou ocorre, como ind\u00fastria, loja, almoxarifado, quadro de frota ou estabelecimentos parceiros.<\/li><li>Quem: Informe os nomes das pessoas envolvidas, incluindo, sempre que poss\u00edvel, testemunhas que possam confirmar os fatos apresentados.<\/li><li>Quando: Especifique a data ou o per\u00edodo em que a situa\u00e7\u00e3o aconteceu.<\/li><\/ul><p>\u00a0<\/p><p>Provas: Caso existem evid\u00eancias, indique onde elas podem ser encontradas. Se estiver em posse de alguma prova, encaminhe-a junto com sua den\u00fancia.<\/p><\/div>\t\t\t\t\t\t\t\t<\/div>\n\t\t\t\t<\/div>\n\t\t\t\t\t<\/div>\n\t\t\t\t<\/div>\n\t\t<div class=\"elementor-element elementor-element-5e19c2d e-flex e-con-boxed e-con e-parent\" data-id=\"5e19c2d\" data-element_type=\"container\" data-e-type=\"container\">\n\t\t\t\t\t<div class=\"e-con-inner\">\n\t\t\t\t<div class=\"elementor-element elementor-element-135c66f elementor-widget__width-inherit formulario elementor-widget elementor-widget-htcontactform-addons\" data-id=\"135c66f\" data-element_type=\"widget\" data-e-type=\"widget\" id=\"formulario\" data-widget_type=\"htcontactform-addons.default\">\n\t\t\t\t<div class=\"elementor-widget-container\">\n\t\t\t\t\t            <div class=\"htcontact-form-wrapper\" >\n                \n<div class=\"wpcf7 no-js\" id=\"wpcf7-f10-o1\" lang=\"pt-BR\" dir=\"ltr\" data-wpcf7-id=\"10\">\n<div class=\"screen-reader-response\"><p role=\"status\" aria-live=\"polite\" aria-atomic=\"true\"><\/p> <ul><\/ul><\/div>\n<form action=\"\/confidencial\/wp-json\/wp\/v2\/pages\/71#wpcf7-f10-o1\" method=\"post\" class=\"wpcf7-form init\" aria-label=\"Formul\u00e1rios de contato\" enctype=\"multipart\/form-data\" novalidate=\"novalidate\" data-status=\"init\">\n<fieldset class=\"hidden-fields-container\"><input type=\"hidden\" name=\"_wpcf7\" value=\"10\" \/><input type=\"hidden\" name=\"_wpcf7_version\" value=\"6.1.5\" \/><input type=\"hidden\" name=\"_wpcf7_locale\" value=\"pt_BR\" \/><input type=\"hidden\" name=\"_wpcf7_unit_tag\" value=\"wpcf7-f10-o1\" \/><input type=\"hidden\" name=\"_wpcf7_container_post\" value=\"0\" \/><input type=\"hidden\" name=\"_wpcf7_posted_data_hash\" value=\"\" \/><input type=\"hidden\" name=\"_extcf7_conditional_options\" value=\"{&quot;form_id&quot;:10,&quot;conditions&quot;:[]}\" \/><input type=\"hidden\" name=\"_extcf7_redirect_options\" value=\"{&quot;form_id&quot;:10,&quot;redirect_options&quot;:{&quot;redirection_enable&quot;:&quot;off&quot;,&quot;custom_url_enable&quot;:&quot;off&quot;,&quot;redirect_page&quot;:&quot;&quot;,&quot;custom_urle&quot;:&quot;&quot;,&quot;redirect_new_tab&quot;:&quot;off&quot;,&quot;js_action&quot;:&quot;off&quot;,&quot;javascript_code&quot;:&quot;&quot;}}\" \/>\n<\/fieldset>\n<style>\n .extcf7-cf7-style-10 .ui-widget.ui-widget-content {\n }\n .extcf7-cf7-style-10 .ui-widget.ui-widget-content .ui-slider-range {\n }\n .extcf7-cf7-style-10 .ui-widget.ui-widget-content .ui-slider-handle {\n }\n .extcf7-cf7-style-10 .ui-widget.ui-widget-content .ui-slider-handle.ui-state-active,\n .extcf7-cf7-style-10 .ui-widget.ui-widget-content .ui-slider-handle.ui-state-hover {\n }\n<\/style>\n<div class=\"extcf7-cf7-style extcf7-cf7-style-10\">\n\t<p><span class=\"wpcf7-form-control-wrap\" data-name=\"checkbox\"><span class=\"wpcf7-form-control wpcf7-checkbox wpcf7-validates-as-required 1\" id=\"1\"><span class=\"wpcf7-list-item first last\"><label><input type=\"checkbox\" name=\"checkbox[]\" value=\"Declaro que li e compreendi as informa\u00e7\u00f5es acima, dando minha ci\u00eancia e concord\u00e2ncia para o fornecimento de informa\u00e7\u00f5es, que ser\u00e3o utilizadas \u00fanica e exclusivamente para esta finalidade.\" \/><span class=\"wpcf7-list-item-label\">Declaro que li e compreendi as informa\u00e7\u00f5es acima, dando minha ci\u00eancia e concord\u00e2ncia para o fornecimento de informa\u00e7\u00f5es, que ser\u00e3o utilizadas \u00fanica e exclusivamente para esta finalidade.<\/span><\/label><\/span><\/span><\/span>\n\t<\/p>\n\t<p><label> Seu e-mail<br \/>\n<span class=\"wpcf7-form-control-wrap\" data-name=\"your-email\"><input size=\"40\" maxlength=\"400\" class=\"wpcf7-form-control wpcf7-email wpcf7-text wpcf7-validates-as-email\" autocomplete=\"email\" aria-invalid=\"false\" value=\"\" type=\"email\" name=\"your-email\" \/><\/span> <\/label><br \/>\n<label>Deixe o campo email em branco caso n\u00e3o queira se identificar<\/label>\n\t<\/p>\n\t<p><label> *Tipo do relato:<br \/>\n<span class=\"wpcf7-form-control-wrap\" data-name=\"tipo-relato\"><select class=\"wpcf7-form-control wpcf7-select wpcf7-validates-as-required\" aria-required=\"true\" aria-invalid=\"false\" name=\"tipo-relato\"><option value=\"\">&#8212;Escolha uma op\u00e7\u00e3o&#8212;<\/option><option value=\"Ass\u00e9dio Moral\">Ass\u00e9dio Moral<\/option><option value=\"Ass\u00e9dio Sexual\">Ass\u00e9dio Sexual<\/option><option value=\"Viol\u00eancia no Trabalho\/Agress\u00e3o F\u00edsica\">Viol\u00eancia no Trabalho\/Agress\u00e3o F\u00edsica<\/option><option value=\"Roubo, Furto ou Desvio de Materiais\">Roubo, Furto ou Desvio de Materiais<\/option><option value=\"Preconceito\/Discrimina\u00e7\u00e3o\/Intoler\u00e2ncia\">Preconceito\/Discrimina\u00e7\u00e3o\/Intoler\u00e2ncia<\/option><option value=\"Relacionamento \u00c9tico ou Conflito de Interesses\">Relacionamento \u00c9tico ou Conflito de Interesses<\/option><option value=\"Rela\u00e7\u00e3o com o P\u00fablico Externo\">Rela\u00e7\u00e3o com o P\u00fablico Externo<\/option><option value=\"Uso de Subst\u00e2ncias Proibidas (\u00e1lcool e drogas)\">Uso de Subst\u00e2ncias Proibidas (\u00e1lcool e drogas)<\/option><option value=\"Vazamento ou Uso Indevido de Informa\u00e7\u00f5es\">Vazamento ou Uso Indevido de Informa\u00e7\u00f5es<\/option><option value=\"Fraude\">Fraude<\/option><option value=\"Lei de Prote\u00e7\u00e3o de Dados\">Lei de Prote\u00e7\u00e3o de Dados<\/option><option value=\"Viola\u00e7\u00e3o \u00e0s Leis, Normas e Pol\u00edticas Internas\">Viola\u00e7\u00e3o \u00e0s Leis, Normas e Pol\u00edticas Internas<\/option><option value=\"Outros\">Outros<\/option><\/select><\/span><br \/>\n<\/label>\n\t<\/p>\n\t<p><label> *Local do relato:<br \/>\n<span class=\"wpcf7-form-control-wrap\" data-name=\"local-relato\"><textarea cols=\"40\" rows=\"10\" maxlength=\"2000\" class=\"wpcf7-form-control wpcf7-textarea wpcf7-validates-as-required\" aria-required=\"true\" aria-invalid=\"false\" name=\"local-relato\"><\/textarea><\/span> <\/label>\n\t<\/p>\n\t<p><label> *Data\/per\u00edodo de ocorr\u00eancia:<br \/>\n<span class=\"wpcf7-form-control-wrap\" data-name=\"data-relato\"><input class=\"wpcf7-form-control wpcf7-date wpcf7-validates-as-required wpcf7-validates-as-date\" aria-required=\"true\" aria-invalid=\"false\" value=\"\" type=\"date\" name=\"data-relato\" \/><\/span> <\/label>\n\t<\/p>\n\t<p><label> *H\u00e1 quanto tempo o problema est\u00e1 ocorrendo?<br \/>\n<span class=\"wpcf7-form-control-wrap\" data-name=\"tempo-ocorrendo\"><textarea cols=\"40\" rows=\"10\" maxlength=\"2000\" class=\"wpcf7-form-control wpcf7-textarea wpcf7-validates-as-required\" aria-required=\"true\" aria-invalid=\"false\" name=\"tempo-ocorrendo\"><\/textarea><\/span> <\/label>\n\t<\/p>\n\t<p><label> *Nome completo da(s) pessoa(s) denunciada(s)<br \/>\n<span class=\"wpcf7-form-control-wrap\" data-name=\"pessoas-denunciadas\"><textarea cols=\"40\" rows=\"10\" maxlength=\"2000\" class=\"wpcf7-form-control wpcf7-textarea wpcf7-validates-as-required\" aria-required=\"true\" aria-invalid=\"false\" name=\"pessoas-denunciadas\"><\/textarea><\/span> <\/label>\n\t<\/p>\n\t<p><label> *Suspeita se existe mais algu\u00e9m envolvido?<br \/>\n<span class=\"wpcf7-form-control-wrap\" data-name=\"outros-envolvidos\"><select class=\"wpcf7-form-control wpcf7-select wpcf7-validates-as-required\" aria-required=\"true\" aria-invalid=\"false\" name=\"outros-envolvidos\"><option value=\"\">&#8212;Escolha uma op\u00e7\u00e3o&#8212;<\/option><option value=\"Sim\">Sim<\/option><option value=\"N\u00e3o\">N\u00e3o<\/option><\/select><\/span> <\/label>\n\t<\/p>\n\t<p><label> *O caso \u00e9 de conhecimento do Gestor da \u00e1rea?<br \/>\n<span class=\"wpcf7-form-control-wrap\" data-name=\"conhecimento-gestor\"><select class=\"wpcf7-form-control wpcf7-select wpcf7-validates-as-required\" aria-required=\"true\" aria-invalid=\"false\" name=\"conhecimento-gestor\"><option value=\"\">&#8212;Escolha uma op\u00e7\u00e3o&#8212;<\/option><option value=\"Sim\">Sim<\/option><option value=\"N\u00e3o\">N\u00e3o<\/option><\/select><\/span> <\/label>\n\t<\/p>\n\t<p><label> *Como tomou conhecimento da Ocorr\u00eancia?<br \/>\n<span class=\"wpcf7-form-control-wrap\" data-name=\"conhecimento-ocorrencia\"><textarea cols=\"40\" rows=\"10\" maxlength=\"2000\" class=\"wpcf7-form-control wpcf7-textarea wpcf7-validates-as-required\" aria-required=\"true\" aria-invalid=\"false\" name=\"conhecimento-ocorrencia\"><\/textarea><\/span> <\/label>\n\t<\/p>\n\t<p><label> *Identifica\u00e7\u00e3o de testemunhas (Nome, sobrenome e telefone)<br \/>\n<span class=\"wpcf7-form-control-wrap\" data-name=\"testemunhas\"><textarea cols=\"40\" rows=\"10\" maxlength=\"2000\" class=\"wpcf7-form-control wpcf7-textarea wpcf7-validates-as-required\" aria-required=\"true\" aria-invalid=\"false\" name=\"testemunhas\"><\/textarea><\/span> <\/label>\n\t<\/p>\n\t<p><label> *Descri\u00e7\u00e3o<br \/>\n<span class=\"wpcf7-form-control-wrap\" data-name=\"descricao\"><textarea cols=\"40\" rows=\"10\" maxlength=\"2000\" class=\"wpcf7-form-control wpcf7-textarea\" aria-invalid=\"false\" name=\"descricao\"><\/textarea><\/span> <\/label><br \/>\n<label> Refor\u00e7amos a import\u00e2ncia que seu relato seja completo e detalhado, pois isso tornar\u00e1 o processo de averigua\u00e7\u00e3o mais r\u00e1pido e preciso. <\/label>\n\t<\/p>\n\t<p><label> *Esta den\u00fancia est\u00e1 ligada a outro registro anterior?<br \/>\n<span class=\"wpcf7-form-control-wrap\" data-name=\"registro-anterior\"><select class=\"wpcf7-form-control wpcf7-select wpcf7-validates-as-required\" aria-required=\"true\" aria-invalid=\"false\" name=\"registro-anterior\"><option value=\"\">&#8212;Escolha uma op\u00e7\u00e3o&#8212;<\/option><option value=\"Sim\">Sim<\/option><option value=\"N\u00e3o\">N\u00e3o<\/option><\/select><\/span> <\/label>\n\t<\/p>\n\t<p><label> Se voc\u00ea quiser anexar arquivos como fotos e documentos, adicione-os em um \u00fanico arquivo no formato PDF aqui. O tamanho m\u00e1ximo do arquivo \u00e9 de 20Mb.<br \/>\n<span class=\"wpcf7-form-control-wrap\" data-name=\"arquivos\"><input size=\"40\" class=\"wpcf7-form-control wpcf7-file\" accept=\".pdf\" aria-invalid=\"false\" type=\"file\" name=\"arquivos\" \/><\/span> <\/label>\n\t<\/p>\n\t<p><input class=\"wpcf7-form-control wpcf7-submit has-spinner\" type=\"submit\" value=\"Enviar\" \/>\n\t<\/p>\n<\/div><p style=\"display: none !important;\" class=\"akismet-fields-container\" data-prefix=\"_wpcf7_ak_\"><label>&#916;<textarea name=\"_wpcf7_ak_hp_textarea\" cols=\"45\" rows=\"8\" maxlength=\"100\"><\/textarea><\/label><input type=\"hidden\" id=\"ak_js_1\" name=\"_wpcf7_ak_js\" value=\"249\"\/><script>document.getElementById( \"ak_js_1\" ).setAttribute( \"value\", ( new Date() ).getTime() );<\/script><\/p><div class=\"wpcf7-response-output\" aria-hidden=\"true\"><\/div>\n<\/form>\n<\/div>\n            <\/div>\n\n        \t\t\t\t<\/div>\n\t\t\t\t<\/div>\n\t\t\t\t\t<\/div>\n\t\t\t\t<\/div>\n\t\t\t\t<\/div>\n\t\t","protected":false},"excerpt":{"rendered":"<p>Importante: Recomenda-se a leitura do Manual de Conduta \u00c9tica, dispon\u00edvel neste site, antes de registrar qualquer relato. As informa\u00e7\u00f5es registradas no Canal de \u00c9tica ser\u00e3o recebidas exclusivamente pelos membros do Comit\u00ea de \u00c9tica da Astral. Este comit\u00ea assegura o sigilo absoluto, a imparcialidade no tratamento de cada situa\u00e7\u00e3o e a aus\u00eancia de conflitos de interesse [&hellip;]<\/p>\n","protected":false},"author":1,"featured_media":0,"parent":0,"menu_order":0,"comment_status":"closed","ping_status":"closed","template":"","meta":{"footnotes":""},"class_list":["post-71","page","type-page","status-publish","hentry"],"_hostinger_reach_plugin_has_subscription_block":false,"_hostinger_reach_plugin_is_elementor":false,"_links":{"self":[{"href":"https:\/\/astralpaes.com.br\/confidencial\/wp-json\/wp\/v2\/pages\/71","targetHints":{"allow":["GET"]}}],"collection":[{"href":"https:\/\/astralpaes.com.br\/confidencial\/wp-json\/wp\/v2\/pages"}],"about":[{"href":"https:\/\/astralpaes.com.br\/confidencial\/wp-json\/wp\/v2\/types\/page"}],"author":[{"embeddable":true,"href":"https:\/\/astralpaes.com.br\/confidencial\/wp-json\/wp\/v2\/users\/1"}],"replies":[{"embeddable":true,"href":"https:\/\/astralpaes.com.br\/confidencial\/wp-json\/wp\/v2\/comments?post=71"}],"version-history":[{"count":61,"href":"https:\/\/astralpaes.com.br\/confidencial\/wp-json\/wp\/v2\/pages\/71\/revisions"}],"predecessor-version":[{"id":448,"href":"https:\/\/astralpaes.com.br\/confidencial\/wp-json\/wp\/v2\/pages\/71\/revisions\/448"}],"wp:attachment":[{"href":"https:\/\/astralpaes.com.br\/confidencial\/wp-json\/wp\/v2\/media?parent=71"}],"curies":[{"name":"wp","href":"https:\/\/api.w.org\/{rel}","templated":true}]}}