{"id":61,"date":"2024-10-15T22:09:59","date_gmt":"2024-10-16T01:09:59","guid":{"rendered":"http:\/\/localhost\/confidencial\/?page_id=61"},"modified":"2026-04-07T08:02:58","modified_gmt":"2026-04-07T11:02:58","slug":"elementor-61","status":"publish","type":"page","link":"https:\/\/astralpaes.com.br\/confidencial\/","title":{"rendered":"P\u00e1gina Inicial"},"content":{"rendered":"\t\t<div data-elementor-type=\"wp-page\" data-elementor-id=\"61\" class=\"elementor elementor-61\" data-elementor-post-type=\"page\">\n\t\t\t\t<div class=\"elementor-element elementor-element-f0e460e e-flex e-con-boxed e-con e-parent\" data-id=\"f0e460e\" data-element_type=\"container\" data-e-type=\"container\">\n\t\t\t\t\t<div class=\"e-con-inner\">\n\t\t\t\t<div class=\"elementor-element elementor-element-9f9d5bf elementor-widget elementor-widget-image\" data-id=\"9f9d5bf\" data-element_type=\"widget\" data-e-type=\"widget\" data-widget_type=\"image.default\">\n\t\t\t\t<div class=\"elementor-widget-container\">\n\t\t\t\t\t\t\t\t\t\t\t\t\t\t\t<img fetchpriority=\"high\" decoding=\"async\" width=\"800\" height=\"311\" src=\"https:\/\/astralpaes.com.br\/confidencial\/wp-content\/uploads\/2026\/04\/986-1024x398.jpg\" class=\"attachment-large size-large wp-image-407\" alt=\"\" srcset=\"https:\/\/astralpaes.com.br\/confidencial\/wp-content\/uploads\/2026\/04\/986-1024x398.jpg 1024w, https:\/\/astralpaes.com.br\/confidencial\/wp-content\/uploads\/2026\/04\/986-300x117.jpg 300w, https:\/\/astralpaes.com.br\/confidencial\/wp-content\/uploads\/2026\/04\/986-768x298.jpg 768w, https:\/\/astralpaes.com.br\/confidencial\/wp-content\/uploads\/2026\/04\/986.jpg 1500w\" sizes=\"(max-width: 800px) 100vw, 800px\" \/>\t\t\t\t\t\t\t\t\t\t\t\t\t\t\t<\/div>\n\t\t\t\t<\/div>\n\t\t\t\t\t<\/div>\n\t\t\t\t<\/div>\n\t\t<div class=\"elementor-element elementor-element-934c653 e-flex e-con-boxed e-con e-parent\" data-id=\"934c653\" data-element_type=\"container\" data-e-type=\"container\">\n\t\t\t\t\t<div class=\"e-con-inner\">\n\t\t\t\t<div class=\"elementor-element elementor-element-0e4bf64 elementor-widget elementor-widget-text-editor\" data-id=\"0e4bf64\" data-element_type=\"widget\" data-e-type=\"widget\" data-widget_type=\"text-editor.default\">\n\t\t\t\t<div class=\"elementor-widget-container\">\n\t\t\t\t\t\t\t\t\t<div><p><strong>Bem-vindo ao Canal de \u00c9tica da Astral<\/strong><\/p><\/div><div><p>Este \u00e9 um espa\u00e7o exclusivo, seguro e, quando necess\u00e1rio, an\u00f4nimo, criado para que funcion\u00e1rios, parceiros, clientes e demais pessoas relatem situa\u00e7\u00f5es que possam representar viola\u00e7\u00f5es ao Manual de Conduta e \u00c9tica. O objetivo \u00e9 assegurar que qualquer conduta contr\u00e1ria aos princ\u00edpios e diretrizes \u00e9ticas da empresa seja devidamente comunicada e analisada.<\/p><p>Por meio do Canal de \u00c9tica, \u00e9 poss\u00edvel registrar den\u00fancias sobre comportamentos inadequados; como ass\u00e9dio, discrimina\u00e7\u00e3o, conflitos de interesse ou uso indevido de recursos da empresa. Todas as manifesta\u00e7\u00f5es s\u00e3o tratadas com imparcialidade e confidencialidade pelo Comit\u00ea de \u00c9tica, que assegura a prote\u00e7\u00e3o contra retalia\u00e7\u00f5es e o respeito \u00e0 dignidade dos envolvidos.<\/p><p>A Astral enfatiza que os resultados das investiga\u00e7\u00f5es e as medidas adotadas n\u00e3o s\u00e3o compartilhados, preservando a confidencialidade e a integridade do processo investigativo.<\/p><p>O uso respons\u00e1vel deste canal fortalece o compromisso de todos com os valores da Astral, promovendo um ambiente de trabalho mais seguro, justo e respeitoso.<\/p><\/div><div><p><strong>Clique abaixo e registre seu relato.<\/strong><\/p><\/div>\t\t\t\t\t\t\t\t<\/div>\n\t\t\t\t<\/div>\n\t\t\t\t\t<\/div>\n\t\t\t\t<\/div>\n\t\t<div class=\"elementor-element elementor-element-66af7c6 e-flex e-con-boxed e-con e-parent\" data-id=\"66af7c6\" data-element_type=\"container\" data-e-type=\"container\">\n\t\t\t\t\t<div class=\"e-con-inner\">\n\t\t\t\t<div class=\"elementor-element elementor-element-1373129 elementor-align-left elementor-widget elementor-widget-button\" data-id=\"1373129\" data-element_type=\"widget\" data-e-type=\"widget\" data-widget_type=\"button.default\">\n\t\t\t\t<div class=\"elementor-widget-container\">\n\t\t\t\t\t\t\t\t\t<div class=\"elementor-button-wrapper\">\n\t\t\t\t\t<a class=\"elementor-button elementor-button-link elementor-size-sm elementor-animation-grow\" href=\"\/confidencial\/realizar-denuncia\">\n\t\t\t\t\t\t<span class=\"elementor-button-content-wrapper\">\n\t\t\t\t\t\t\t\t\t<span class=\"elementor-button-text\">REALIZAR DEN\u00daNCIA<\/span>\n\t\t\t\t\t<\/span>\n\t\t\t\t\t<\/a>\n\t\t\t\t<\/div>\n\t\t\t\t\t\t\t\t<\/div>\n\t\t\t\t<\/div>\n\t\t\t\t\t<\/div>\n\t\t\t\t<\/div>\n\t\t\t\t<\/div>\n\t\t","protected":false},"excerpt":{"rendered":"<p>Bem-vindo ao Canal de \u00c9tica da Astral Este \u00e9 um espa\u00e7o exclusivo, seguro e, quando necess\u00e1rio, an\u00f4nimo, criado para que funcion\u00e1rios, parceiros, clientes e demais pessoas relatem situa\u00e7\u00f5es que possam representar viola\u00e7\u00f5es ao Manual de Conduta e \u00c9tica. O objetivo \u00e9 assegurar que qualquer conduta contr\u00e1ria aos princ\u00edpios e diretrizes \u00e9ticas da empresa seja devidamente [&hellip;]<\/p>\n","protected":false},"author":1,"featured_media":0,"parent":0,"menu_order":0,"comment_status":"closed","ping_status":"closed","template":"","meta":{"footnotes":""},"class_list":["post-61","page","type-page","status-publish","hentry"],"_hostinger_reach_plugin_has_subscription_block":false,"_hostinger_reach_plugin_is_elementor":false,"_links":{"self":[{"href":"https:\/\/astralpaes.com.br\/confidencial\/wp-json\/wp\/v2\/pages\/61","targetHints":{"allow":["GET"]}}],"collection":[{"href":"https:\/\/astralpaes.com.br\/confidencial\/wp-json\/wp\/v2\/pages"}],"about":[{"href":"https:\/\/astralpaes.com.br\/confidencial\/wp-json\/wp\/v2\/types\/page"}],"author":[{"embeddable":true,"href":"https:\/\/astralpaes.com.br\/confidencial\/wp-json\/wp\/v2\/users\/1"}],"replies":[{"embeddable":true,"href":"https:\/\/astralpaes.com.br\/confidencial\/wp-json\/wp\/v2\/comments?post=61"}],"version-history":[{"count":68,"href":"https:\/\/astralpaes.com.br\/confidencial\/wp-json\/wp\/v2\/pages\/61\/revisions"}],"predecessor-version":[{"id":451,"href":"https:\/\/astralpaes.com.br\/confidencial\/wp-json\/wp\/v2\/pages\/61\/revisions\/451"}],"wp:attachment":[{"href":"https:\/\/astralpaes.com.br\/confidencial\/wp-json\/wp\/v2\/media?parent=61"}],"curies":[{"name":"wp","href":"https:\/\/api.w.org\/{rel}","templated":true}]}}