{"id":292,"date":"2024-12-16T08:07:54","date_gmt":"2024-12-16T11:07:54","guid":{"rendered":"https:\/\/astralpaes.com.br\/confidencial\/?page_id=292"},"modified":"2026-04-06T13:53:46","modified_gmt":"2026-04-06T16:53:46","slug":"manual-de-conduta-etica","status":"publish","type":"page","link":"https:\/\/astralpaes.com.br\/confidencial\/manual-de-conduta-etica\/","title":{"rendered":"Manual de Conduta \u00c9tica"},"content":{"rendered":"\t\t<div data-elementor-type=\"wp-page\" data-elementor-id=\"292\" class=\"elementor elementor-292\" data-elementor-post-type=\"page\">\n\t\t\t\t<div class=\"elementor-element elementor-element-77875ee e-flex e-con-boxed e-con e-parent\" data-id=\"77875ee\" data-element_type=\"container\" data-e-type=\"container\">\n\t\t\t\t\t<div class=\"e-con-inner\">\n\t\t\t\t<div class=\"elementor-element elementor-element-aa7b0dd elementor-widget elementor-widget-text-editor\" data-id=\"aa7b0dd\" data-element_type=\"widget\" data-e-type=\"widget\" data-widget_type=\"text-editor.default\">\n\t\t\t\t<div class=\"elementor-widget-container\">\n\t\t\t\t\t\t\t\t\t<p><strong>Manual de Conduta \u00c9tica<\/strong><\/p><p>A <strong>Astral<\/strong> \u00e9 comprometida com a promo\u00e7\u00e3o de um ambiente de trabalho \u00e9tico e transparente. Para garantir que todos os funcion\u00e1rios e parceiros compreendam e sigam as diretrizes e os valores que orientam suas a\u00e7\u00f5es, a empresa disponibiliza o Manual de Conduta \u00c9tica, que cont\u00e9m as normas, responsabilidades e princ\u00edpios que norteiam o comportamento dentro da organiza\u00e7\u00e3o.<\/p><p>Este manual \u00e9 uma ferramenta essencial para assegurar que todos na Astral atuem com responsabilidade, respeito e alinhamento com os valores da empresa. Seguir as orienta\u00e7\u00f5es descritas no manual \u00e9 fundamental para fortalecer a cultura \u00e9tica e a transpar\u00eancia em todas as rela\u00e7\u00f5es.<\/p><p>Clique no link abaixo para realizar o download do Manual de Conduta \u00c9tica da Astral:<\/p>\t\t\t\t\t\t\t\t<\/div>\n\t\t\t\t<\/div>\n\t\t\t\t<div class=\"elementor-element elementor-element-c3f8431 elementor-align-center elementor-widget elementor-widget-embedpress_pdf\" data-id=\"c3f8431\" data-element_type=\"widget\" data-e-type=\"widget\" data-widget_type=\"embedpress_pdf.default\">\n\t\t\t\t<div class=\"elementor-widget-container\">\n\t\t\t\t\t    <div class=\"embedpress-document-embed ep-doc-a0b7262ba3cdfc145588b5d04076d556 ose-document emebedpress-unit-percent \" data-thememode=\"default\" data-customcolor=\"\" data-toolbar=\"yes\" data-toolbar-position=\"top\" data-open=\"no\" data-presentation-mode=\"yes\" data-download=\"yes\" data-copy=\"yes\" data-add-image=\"yes\" data-rotate=\"yes\" data-details=\"yes\" data-id=\"embedpress-pdf-c3f8431\" data-selection-tool=\"0\" data-scrolling=\"0\" data-spreads=\"-1\" style=\" max-width:100%; display: inline-block\">\n\n        \n                <div >\n\n                    <div id=\"ep-elementor-content-c3f8431\" class=\"ep-elementor-content   ep-percentage-width   ep-content-protection-disabled\">\n                        <div id=\"c3f8431\" class=\"ep-embed-content-wraper\">\n                            <div><iframe title=\"Manual de Conduta \u00c9tica\" class=\"embedpress-embed-document-pdf embedpress-pdf-c3f8431\" allowfullscreen=\"true\" mozallowfullscreen=\"true\" webkitallowfullscreen=\"true\" style=\"width: 42%!important;height: 670px;; max-width:100%;\" src=\"https:\/\/drive.google.com\/file\/d\/184LMt1FsBp-kWGA2gPjTimyeMZZVOuBL\/preview\" class=\"embedpress-embed-document-pdf embedpress-pdf-c3f8431\" data-emid=\"embedpress-pdf-c3f8431\" data-embed-type=\"PDF\"><\/iframe><\/div>                        <\/div>\n\n                    <\/div>\n\n\n                   \n                <\/div>\n            \n    <\/div>\n\n\t\t\t\t<\/div>\n\t\t\t\t<\/div>\n\t\t\t\t<div class=\"elementor-element elementor-element-413b8f1 elementor-widget elementor-widget-text-editor\" data-id=\"413b8f1\" data-element_type=\"widget\" data-e-type=\"widget\" data-widget_type=\"text-editor.default\">\n\t\t\t\t<div class=\"elementor-widget-container\">\n\t\t\t\t\t\t\t\t\t<p>A leitura atenta deste documento \u00e9 fundamental para todos na Astral. Em caso de d\u00favidas, o Comit\u00ea de \u00c9tica est\u00e1 \u00e0 disposi\u00e7\u00e3o para fornecer esclarecimentos e orienta\u00e7\u00f5es adicionais.<\/p>\t\t\t\t\t\t\t\t<\/div>\n\t\t\t\t<\/div>\n\t\t\t\t\t<\/div>\n\t\t\t\t<\/div>\n\t\t\t\t<\/div>\n\t\t","protected":false},"excerpt":{"rendered":"<p>Manual de Conduta \u00c9tica A Astral \u00e9 comprometida com a promo\u00e7\u00e3o de um ambiente de trabalho \u00e9tico e transparente. Para garantir que todos os funcion\u00e1rios e parceiros compreendam e sigam as diretrizes e os valores que orientam suas a\u00e7\u00f5es, a empresa disponibiliza o Manual de Conduta \u00c9tica, que cont\u00e9m as normas, responsabilidades e princ\u00edpios que [&hellip;]<\/p>\n","protected":false},"author":1,"featured_media":0,"parent":0,"menu_order":0,"comment_status":"closed","ping_status":"closed","template":"","meta":{"footnotes":""},"class_list":["post-292","page","type-page","status-publish","hentry"],"_hostinger_reach_plugin_has_subscription_block":false,"_hostinger_reach_plugin_is_elementor":false,"_links":{"self":[{"href":"https:\/\/astralpaes.com.br\/confidencial\/wp-json\/wp\/v2\/pages\/292","targetHints":{"allow":["GET"]}}],"collection":[{"href":"https:\/\/astralpaes.com.br\/confidencial\/wp-json\/wp\/v2\/pages"}],"about":[{"href":"https:\/\/astralpaes.com.br\/confidencial\/wp-json\/wp\/v2\/types\/page"}],"author":[{"embeddable":true,"href":"https:\/\/astralpaes.com.br\/confidencial\/wp-json\/wp\/v2\/users\/1"}],"replies":[{"embeddable":true,"href":"https:\/\/astralpaes.com.br\/confidencial\/wp-json\/wp\/v2\/comments?post=292"}],"version-history":[{"count":28,"href":"https:\/\/astralpaes.com.br\/confidencial\/wp-json\/wp\/v2\/pages\/292\/revisions"}],"predecessor-version":[{"id":445,"href":"https:\/\/astralpaes.com.br\/confidencial\/wp-json\/wp\/v2\/pages\/292\/revisions\/445"}],"wp:attachment":[{"href":"https:\/\/astralpaes.com.br\/confidencial\/wp-json\/wp\/v2\/media?parent=292"}],"curies":[{"name":"wp","href":"https:\/\/api.w.org\/{rel}","templated":true}]}}