{"id":134,"date":"2024-10-19T18:03:07","date_gmt":"2024-10-19T21:03:07","guid":{"rendered":"http:\/\/localhost\/confidencial\/?page_id=134"},"modified":"2026-04-06T12:02:36","modified_gmt":"2026-04-06T15:02:36","slug":"comite-de-etica","status":"publish","type":"page","link":"https:\/\/astralpaes.com.br\/confidencial\/comite-de-etica\/","title":{"rendered":"Comit\u00ea de \u00c9tica"},"content":{"rendered":"\t\t<div data-elementor-type=\"wp-page\" data-elementor-id=\"134\" class=\"elementor elementor-134\" data-elementor-post-type=\"page\">\n\t\t\t\t<div class=\"elementor-element elementor-element-6331d60 e-flex e-con-boxed e-con e-parent\" data-id=\"6331d60\" data-element_type=\"container\" data-e-type=\"container\">\n\t\t\t\t\t<div class=\"e-con-inner\">\n\t\t\t\t<div class=\"elementor-element elementor-element-dddf6f4 elementor-widget elementor-widget-image\" data-id=\"dddf6f4\" data-element_type=\"widget\" data-e-type=\"widget\" data-widget_type=\"image.default\">\n\t\t\t\t<div class=\"elementor-widget-container\">\n\t\t\t\t\t\t\t\t\t\t\t\t\t\t\t<img fetchpriority=\"high\" decoding=\"async\" width=\"800\" height=\"401\" src=\"https:\/\/astralpaes.com.br\/confidencial\/wp-content\/uploads\/2026\/04\/803290-1024x513.jpg\" class=\"attachment-large size-large wp-image-414\" alt=\"\" srcset=\"https:\/\/astralpaes.com.br\/confidencial\/wp-content\/uploads\/2026\/04\/803290-1024x513.jpg 1024w, https:\/\/astralpaes.com.br\/confidencial\/wp-content\/uploads\/2026\/04\/803290-300x150.jpg 300w, https:\/\/astralpaes.com.br\/confidencial\/wp-content\/uploads\/2026\/04\/803290-768x385.jpg 768w, https:\/\/astralpaes.com.br\/confidencial\/wp-content\/uploads\/2026\/04\/803290.jpg 1500w\" sizes=\"(max-width: 800px) 100vw, 800px\" \/>\t\t\t\t\t\t\t\t\t\t\t\t\t\t\t<\/div>\n\t\t\t\t<\/div>\n\t\t\t\t<div class=\"elementor-element elementor-element-50ca769 elementor-widget elementor-widget-text-editor\" data-id=\"50ca769\" data-element_type=\"widget\" data-e-type=\"widget\" data-widget_type=\"text-editor.default\">\n\t\t\t\t<div class=\"elementor-widget-container\">\n\t\t\t\t\t\t\t\t\t<p>A Astral conta com um Comit\u00ea de \u00c9tica, cuja principal fun\u00e7\u00e3o \u00e9 garantir o cumprimento e a aplica\u00e7\u00e3o do Manual de Conduta \u00c9tica, promovendo um ambiente de trabalho respeitoso, transparente e em conformidade com as pol\u00edticas da empresa.<\/p><p>Responsabilidades do Comit\u00ea de \u00c9tica:<\/p><ul><li>Gest\u00e3o do Manual de Conduta \u00c9tica: O Comit\u00ea \u00e9 respons\u00e1vel por gerir, revisar e atualizar continuamente o Manual de Conduta \u00c9tica.<\/li><li>Recep\u00e7\u00e3o e An\u00e1lise de Den\u00fancias: Receber, investigar e tratar as den\u00fancias enviadas atrav\u00e9s do Canal de \u00c9tica, assegurando a confidencialidade e imparcialidade em cada caso.<\/li><li>Prote\u00e7\u00e3o contra Retalia\u00e7\u00f5es: Garantir que os indiv\u00edduos que reportam situa\u00e7\u00f5es de m\u00e1 conduta sejam protegidos contra retalia\u00e7\u00f5es, criando um ambiente seguro e acolhedor para den\u00fancias.<\/li><li>Tomada de Decis\u00f5es: Ap\u00f3s a an\u00e1lise das den\u00fancias, o Comit\u00ea de \u00c9tica tem a responsabilidade de determinar as a\u00e7\u00f5es apropriadas e as san\u00e7\u00f5es disciplinares cab\u00edveis, em conformidade com os princ\u00edpios \u00e9ticos da empresa e as pol\u00edticas internas estabelecidas, visando sempre garantir a justi\u00e7a e a integridade no ambiente de trabalho.<\/li><li>Promo\u00e7\u00e3o da Cultura \u00c9tica: Promover a cultura \u00e9tica dentro da organiza\u00e7\u00e3o, divulgando o manual para funcion\u00e1rios, parceiros e clientes, e refor\u00e7ando a import\u00e2ncia da integridade em todas as a\u00e7\u00f5es da empresa.<\/li><\/ul><p>\u00a0<\/p><p><strong>Composi\u00e7\u00e3o do Comit\u00ea de \u00c9tica:<\/strong><\/p><p>O Comit\u00ea de \u00c9tica \u00e9 formado pelo Presidente, pelos Diretores e pelo departamento jur\u00eddico da Astral, garantindo a representa\u00e7\u00e3o das principais \u00e1reas no processo de tomada de decis\u00f5es \u00e9ticas.<\/p>\t\t\t\t\t\t\t\t<\/div>\n\t\t\t\t<\/div>\n\t\t\t\t\t<\/div>\n\t\t\t\t<\/div>\n\t\t\t\t<\/div>\n\t\t","protected":false},"excerpt":{"rendered":"<p>A Astral conta com um Comit\u00ea de \u00c9tica, cuja principal fun\u00e7\u00e3o \u00e9 garantir o cumprimento e a aplica\u00e7\u00e3o do Manual de Conduta \u00c9tica, promovendo um ambiente de trabalho respeitoso, transparente e em conformidade com as pol\u00edticas da empresa. Responsabilidades do Comit\u00ea de \u00c9tica: Gest\u00e3o do Manual de Conduta \u00c9tica: O Comit\u00ea \u00e9 respons\u00e1vel por gerir, [&hellip;]<\/p>\n","protected":false},"author":1,"featured_media":0,"parent":0,"menu_order":0,"comment_status":"closed","ping_status":"closed","template":"","meta":{"footnotes":""},"class_list":["post-134","page","type-page","status-publish","hentry"],"_hostinger_reach_plugin_has_subscription_block":false,"_hostinger_reach_plugin_is_elementor":false,"_links":{"self":[{"href":"https:\/\/astralpaes.com.br\/confidencial\/wp-json\/wp\/v2\/pages\/134","targetHints":{"allow":["GET"]}}],"collection":[{"href":"https:\/\/astralpaes.com.br\/confidencial\/wp-json\/wp\/v2\/pages"}],"about":[{"href":"https:\/\/astralpaes.com.br\/confidencial\/wp-json\/wp\/v2\/types\/page"}],"author":[{"embeddable":true,"href":"https:\/\/astralpaes.com.br\/confidencial\/wp-json\/wp\/v2\/users\/1"}],"replies":[{"embeddable":true,"href":"https:\/\/astralpaes.com.br\/confidencial\/wp-json\/wp\/v2\/comments?post=134"}],"version-history":[{"count":49,"href":"https:\/\/astralpaes.com.br\/confidencial\/wp-json\/wp\/v2\/pages\/134\/revisions"}],"predecessor-version":[{"id":417,"href":"https:\/\/astralpaes.com.br\/confidencial\/wp-json\/wp\/v2\/pages\/134\/revisions\/417"}],"wp:attachment":[{"href":"https:\/\/astralpaes.com.br\/confidencial\/wp-json\/wp\/v2\/media?parent=134"}],"curies":[{"name":"wp","href":"https:\/\/api.w.org\/{rel}","templated":true}]}}